{"id":1249,"date":"2024-11-07T06:05:17","date_gmt":"2024-11-07T06:05:17","guid":{"rendered":"https:\/\/mena.events\/swaacelso2025\/?page_id=1249"},"modified":"2024-12-10T08:15:29","modified_gmt":"2024-12-10T08:15:29","slug":"scientific-committee","status":"publish","type":"page","link":"https:\/\/mena.events\/swaacelso2025\/scientific-committee\/","title":{"rendered":"Scientific Committee"},"content":{"rendered":"\t\t<div data-elementor-type=\"wp-page\" data-elementor-id=\"1249\" class=\"elementor elementor-1249\">\n\t\t\t\t<div class=\"elementor-element elementor-element-786a3b1 e-con-full e-flex e-con e-parent\" data-id=\"786a3b1\" data-element_type=\"container\" data-e-type=\"container\" data-settings=\"{&quot;background_background&quot;:&quot;classic&quot;}\">\n\t\t<div class=\"elementor-element elementor-element-2b8d169 e-con-full e-flex e-con e-child\" data-id=\"2b8d169\" data-element_type=\"container\" data-e-type=\"container\" data-settings=\"{&quot;background_background&quot;:&quot;classic&quot;}\">\n\t\t\t\t<div class=\"elementor-element elementor-element-7a805e5 elementor-widget elementor-widget-image\" data-id=\"7a805e5\" data-element_type=\"widget\" data-e-type=\"widget\" data-widget_type=\"image.default\">\n\t\t\t\t<div class=\"elementor-widget-container\">\n\t\t\t\t\t\t\t\t\t\t\t\t\t\t\t<img fetchpriority=\"high\" decoding=\"async\" width=\"1920\" height=\"492\" src=\"https:\/\/mena.events\/swaacelso2025\/wp-content\/uploads\/2024\/05\/banner-swac25.jpg\" class=\"attachment-full size-full wp-image-602\" alt=\"\" srcset=\"https:\/\/mena.events\/swaacelso2025\/wp-content\/uploads\/2024\/05\/banner-swac25.jpg 1920w, https:\/\/mena.events\/swaacelso2025\/wp-content\/uploads\/2024\/05\/banner-swac25-300x77.jpg 300w, https:\/\/mena.events\/swaacelso2025\/wp-content\/uploads\/2024\/05\/banner-swac25-1024x262.jpg 1024w, https:\/\/mena.events\/swaacelso2025\/wp-content\/uploads\/2024\/05\/banner-swac25-768x197.jpg 768w, https:\/\/mena.events\/swaacelso2025\/wp-content\/uploads\/2024\/05\/banner-swac25-1536x394.jpg 1536w\" sizes=\"(max-width: 1920px) 100vw, 1920px\" \/>\t\t\t\t\t\t\t\t\t\t\t\t\t\t\t<\/div>\n\t\t\t\t<\/div>\n\t\t\t\t<\/div>\n\t\t\t\t<\/div>\n\t\t<div class=\"elementor-element elementor-element-07472da e-flex e-con-boxed e-con e-parent\" data-id=\"07472da\" data-element_type=\"container\" data-e-type=\"container\">\n\t\t\t\t\t<div class=\"e-con-inner\">\n\t\t\t\t<div class=\"elementor-element elementor-element-a2b56ea elementor-widget elementor-widget-heading\" data-id=\"a2b56ea\" data-element_type=\"widget\" data-e-type=\"widget\" data-widget_type=\"heading.default\">\n\t\t\t\t<div class=\"elementor-widget-container\">\n\t\t\t\t\t<h2 class=\"elementor-heading-title elementor-size-default\">SCIENTIFIC COMMITTEE<\/h2>\t\t\t\t<\/div>\n\t\t\t\t<\/div>\n\t\t\t\t\t<\/div>\n\t\t\t\t<\/div>\n\t\t<div class=\"elementor-element elementor-element-c5d4652 e-flex e-con-boxed e-con e-parent\" data-id=\"c5d4652\" data-element_type=\"container\" data-e-type=\"container\">\n\t\t\t\t\t<div class=\"e-con-inner\">\n\t\t<div class=\"elementor-element elementor-element-f6b8012 e-con-full e-flex elementor-invisible e-con e-child\" data-id=\"f6b8012\" data-element_type=\"container\" data-e-type=\"container\" data-settings=\"{&quot;animation&quot;:&quot;fadeInUp&quot;}\">\n\t\t<div class=\"elementor-element elementor-element-2f21140 e-con-full e-flex e-con e-child\" data-id=\"2f21140\" data-element_type=\"container\" data-e-type=\"container\">\n\t\t\t\t<div class=\"elementor-element elementor-element-0ebbf7a elementor-position-top elementor-widget elementor-widget-image-box\" data-id=\"0ebbf7a\" data-element_type=\"widget\" data-e-type=\"widget\" data-widget_type=\"image-box.default\">\n\t\t\t\t<div class=\"elementor-widget-container\">\n\t\t\t\t\t<div class=\"elementor-image-box-wrapper\"><figure class=\"elementor-image-box-img\"><img decoding=\"async\" width=\"350\" height=\"350\" src=\"https:\/\/mena.events\/swaacelso2025\/wp-content\/uploads\/2024\/10\/Praveen-Kumar-Ghisulal.png\" class=\"elementor-animation-grow attachment-full size-full wp-image-1131\" alt=\"\" srcset=\"https:\/\/mena.events\/swaacelso2025\/wp-content\/uploads\/2024\/10\/Praveen-Kumar-Ghisulal.png 350w, https:\/\/mena.events\/swaacelso2025\/wp-content\/uploads\/2024\/10\/Praveen-Kumar-Ghisulal-300x300.png 300w, https:\/\/mena.events\/swaacelso2025\/wp-content\/uploads\/2024\/10\/Praveen-Kumar-Ghisulal-150x150.png 150w\" sizes=\"(max-width: 350px) 100vw, 350px\" \/><\/figure><div class=\"elementor-image-box-content\"><h3 class=\"elementor-image-box-title\">Dr. Praveen Kumar Ghisulal<\/h3><p class=\"elementor-image-box-description\">Associate Staff Physician in the\nCritical Care Institute\nCleveland Clinic,\nAbu Dhabi, UAE<\/p><\/div><\/div>\t\t\t\t<\/div>\n\t\t\t\t<\/div>\n\t\t\t\t<\/div>\n\t\t<div class=\"elementor-element elementor-element-a27d9d0 e-con-full e-flex e-con e-child\" data-id=\"a27d9d0\" data-element_type=\"container\" data-e-type=\"container\">\n\t\t\t\t<div class=\"elementor-element elementor-element-5ee217e elementor-position-top elementor-widget elementor-widget-image-box\" data-id=\"5ee217e\" data-element_type=\"widget\" data-e-type=\"widget\" data-widget_type=\"image-box.default\">\n\t\t\t\t<div class=\"elementor-widget-container\">\n\t\t\t\t\t<div class=\"elementor-image-box-wrapper\"><figure class=\"elementor-image-box-img\"><img decoding=\"async\" width=\"350\" height=\"350\" src=\"https:\/\/mena.events\/swaacelso2025\/wp-content\/uploads\/2024\/10\/Benedict-Thomas-Griffiths-1.png\" class=\"elementor-animation-grow attachment-full size-full wp-image-1198\" alt=\"\" srcset=\"https:\/\/mena.events\/swaacelso2025\/wp-content\/uploads\/2024\/10\/Benedict-Thomas-Griffiths-1.png 350w, https:\/\/mena.events\/swaacelso2025\/wp-content\/uploads\/2024\/10\/Benedict-Thomas-Griffiths-1-300x300.png 300w, https:\/\/mena.events\/swaacelso2025\/wp-content\/uploads\/2024\/10\/Benedict-Thomas-Griffiths-1-150x150.png 150w\" sizes=\"(max-width: 350px) 100vw, 350px\" \/><\/figure><div class=\"elementor-image-box-content\"><h3 class=\"elementor-image-box-title\">Dr. Benedict Griffiths<\/h3><p class=\"elementor-image-box-description\">Paediatric Cardiac Intensive Care consultant \nPaediatric ECMO director, Sheikh Khalifa Medical City, Abu Dhabi UAE<\/p><\/div><\/div>\t\t\t\t<\/div>\n\t\t\t\t<\/div>\n\t\t\t\t<\/div>\n\t\t<div class=\"elementor-element elementor-element-17825dd e-con-full e-flex e-con e-child\" data-id=\"17825dd\" data-element_type=\"container\" data-e-type=\"container\">\n\t\t\t\t<div class=\"elementor-element elementor-element-169546b elementor-position-top elementor-widget elementor-widget-image-box\" data-id=\"169546b\" data-element_type=\"widget\" data-e-type=\"widget\" data-widget_type=\"image-box.default\">\n\t\t\t\t<div class=\"elementor-widget-container\">\n\t\t\t\t\t<div class=\"elementor-image-box-wrapper\"><figure class=\"elementor-image-box-img\"><img loading=\"lazy\" decoding=\"async\" width=\"350\" height=\"350\" src=\"https:\/\/mena.events\/swaacelso2025\/wp-content\/uploads\/2024\/10\/Jana-Assy.png\" class=\"elementor-animation-grow attachment-full size-full wp-image-1127\" alt=\"\" srcset=\"https:\/\/mena.events\/swaacelso2025\/wp-content\/uploads\/2024\/10\/Jana-Assy.png 350w, https:\/\/mena.events\/swaacelso2025\/wp-content\/uploads\/2024\/10\/Jana-Assy-300x300.png 300w, https:\/\/mena.events\/swaacelso2025\/wp-content\/uploads\/2024\/10\/Jana-Assy-150x150.png 150w\" sizes=\"(max-width: 350px) 100vw, 350px\" \/><\/figure><div class=\"elementor-image-box-content\"><h3 class=\"elementor-image-box-title\">Dr. Jana Assy<\/h3><p class=\"elementor-image-box-description\">Pediatric Cardiac Intensivist \nUniversity Hospital of Liege,\nBelgium<\/p><\/div><\/div>\t\t\t\t<\/div>\n\t\t\t\t<\/div>\n\t\t\t\t<\/div>\n\t\t<div class=\"elementor-element elementor-element-ccf98b9 e-con-full e-flex e-con e-child\" data-id=\"ccf98b9\" data-element_type=\"container\" data-e-type=\"container\">\n\t\t\t\t<div class=\"elementor-element elementor-element-7a68a14 elementor-position-top elementor-widget elementor-widget-image-box\" data-id=\"7a68a14\" data-element_type=\"widget\" data-e-type=\"widget\" data-widget_type=\"image-box.default\">\n\t\t\t\t<div class=\"elementor-widget-container\">\n\t\t\t\t\t<div class=\"elementor-image-box-wrapper\"><figure class=\"elementor-image-box-img\"><img loading=\"lazy\" decoding=\"async\" width=\"350\" height=\"350\" src=\"https:\/\/mena.events\/swaacelso2025\/wp-content\/uploads\/2024\/10\/Jose-L.-Diaz-Gomez.png\" class=\"elementor-animation-grow attachment-full size-full wp-image-1128\" alt=\"\" srcset=\"https:\/\/mena.events\/swaacelso2025\/wp-content\/uploads\/2024\/10\/Jose-L.-Diaz-Gomez.png 350w, https:\/\/mena.events\/swaacelso2025\/wp-content\/uploads\/2024\/10\/Jose-L.-Diaz-Gomez-300x300.png 300w, https:\/\/mena.events\/swaacelso2025\/wp-content\/uploads\/2024\/10\/Jose-L.-Diaz-Gomez-150x150.png 150w\" sizes=\"(max-width: 350px) 100vw, 350px\" \/><\/figure><div class=\"elementor-image-box-content\"><h3 class=\"elementor-image-box-title\">Dr. Jos\u00e9 L. D\u00edaz-G\u00f3mez<\/h3><p class=\"elementor-image-box-description\">MD, MAS, NCC (UCNS), FASE, FCCM\nIntegrated Hospital Care Institute (IHI) Chair\nCleveland Clinic\nAbu Dhabi, UAE<\/p><\/div><\/div>\t\t\t\t<\/div>\n\t\t\t\t<\/div>\n\t\t\t\t<\/div>\n\t\t<div class=\"elementor-element elementor-element-542957c e-con-full e-flex e-con e-child\" data-id=\"542957c\" data-element_type=\"container\" data-e-type=\"container\">\n\t\t\t\t<div class=\"elementor-element elementor-element-0ee4804 elementor-position-top elementor-widget elementor-widget-image-box\" data-id=\"0ee4804\" data-element_type=\"widget\" data-e-type=\"widget\" data-widget_type=\"image-box.default\">\n\t\t\t\t<div class=\"elementor-widget-container\">\n\t\t\t\t\t<div class=\"elementor-image-box-wrapper\"><figure class=\"elementor-image-box-img\"><img loading=\"lazy\" decoding=\"async\" width=\"350\" height=\"350\" src=\"https:\/\/mena.events\/swaacelso2025\/wp-content\/uploads\/2024\/10\/Mohammed-Azzam.png\" class=\"elementor-animation-grow attachment-full size-full wp-image-1129\" alt=\"\" srcset=\"https:\/\/mena.events\/swaacelso2025\/wp-content\/uploads\/2024\/10\/Mohammed-Azzam.png 350w, https:\/\/mena.events\/swaacelso2025\/wp-content\/uploads\/2024\/10\/Mohammed-Azzam-300x300.png 300w, https:\/\/mena.events\/swaacelso2025\/wp-content\/uploads\/2024\/10\/Mohammed-Azzam-150x150.png 150w\" sizes=\"(max-width: 350px) 100vw, 350px\" \/><\/figure><div class=\"elementor-image-box-content\"><h3 class=\"elementor-image-box-title\">Dr. Mohammed Azzam<\/h3><p class=\"elementor-image-box-description\">Consultant Trauma, Critical Care &amp;\nEmergency Medicine\nSWAAC ELSO Member, \nSaudi Representative\nFounder, National ECMO program \nMinistry of Health, Saudi Arabia<\/p><\/div><\/div>\t\t\t\t<\/div>\n\t\t\t\t<\/div>\n\t\t\t\t<\/div>\n\t\t<div class=\"elementor-element elementor-element-dd1a150 e-con-full e-flex e-con e-child\" data-id=\"dd1a150\" data-element_type=\"container\" data-e-type=\"container\">\n\t\t\t\t<div class=\"elementor-element elementor-element-145d118 elementor-position-top elementor-widget elementor-widget-image-box\" data-id=\"145d118\" data-element_type=\"widget\" data-e-type=\"widget\" data-widget_type=\"image-box.default\">\n\t\t\t\t<div class=\"elementor-widget-container\">\n\t\t\t\t\t<div class=\"elementor-image-box-wrapper\"><figure class=\"elementor-image-box-img\"><img loading=\"lazy\" decoding=\"async\" width=\"350\" height=\"350\" src=\"https:\/\/mena.events\/swaacelso2025\/wp-content\/uploads\/2024\/10\/Vivek-Gupta.png\" class=\"elementor-animation-grow attachment-full size-full wp-image-1134\" alt=\"\" srcset=\"https:\/\/mena.events\/swaacelso2025\/wp-content\/uploads\/2024\/10\/Vivek-Gupta.png 350w, https:\/\/mena.events\/swaacelso2025\/wp-content\/uploads\/2024\/10\/Vivek-Gupta-300x300.png 300w, https:\/\/mena.events\/swaacelso2025\/wp-content\/uploads\/2024\/10\/Vivek-Gupta-150x150.png 150w\" sizes=\"(max-width: 350px) 100vw, 350px\" \/><\/figure><div class=\"elementor-image-box-content\"><h3 class=\"elementor-image-box-title\">Dr. Vivek Gupta<\/h3><p class=\"elementor-image-box-description\">Consultant Cardiac Anaesthesia &amp;\nIntensive Care ECMO Physician\nDayanand Medical College &amp; Hospital\nIndia<\/p><\/div><\/div>\t\t\t\t<\/div>\n\t\t\t\t<\/div>\n\t\t\t\t<\/div>\n\t\t<div class=\"elementor-element elementor-element-78db496 e-con-full e-flex e-con e-child\" data-id=\"78db496\" data-element_type=\"container\" data-e-type=\"container\">\n\t\t\t\t<div class=\"elementor-element elementor-element-abbc2f8 elementor-position-top elementor-widget elementor-widget-image-box\" data-id=\"abbc2f8\" data-element_type=\"widget\" data-e-type=\"widget\" data-widget_type=\"image-box.default\">\n\t\t\t\t<div class=\"elementor-widget-container\">\n\t\t\t\t\t<div class=\"elementor-image-box-wrapper\"><figure class=\"elementor-image-box-img\"><img loading=\"lazy\" decoding=\"async\" width=\"350\" height=\"350\" src=\"https:\/\/mena.events\/swaacelso2025\/wp-content\/uploads\/2024\/10\/Umar-A.-Khan.png\" class=\"elementor-animation-grow attachment-full size-full wp-image-1133\" alt=\"\" srcset=\"https:\/\/mena.events\/swaacelso2025\/wp-content\/uploads\/2024\/10\/Umar-A.-Khan.png 350w, https:\/\/mena.events\/swaacelso2025\/wp-content\/uploads\/2024\/10\/Umar-A.-Khan-300x300.png 300w, https:\/\/mena.events\/swaacelso2025\/wp-content\/uploads\/2024\/10\/Umar-A.-Khan-150x150.png 150w\" sizes=\"(max-width: 350px) 100vw, 350px\" \/><\/figure><div class=\"elementor-image-box-content\"><h3 class=\"elementor-image-box-title\">Dr. Umar A. Khan<\/h3><p class=\"elementor-image-box-description\">Staff Physician,\nCardiothoracic Critical Care,\nCritical Care Institute\nCleveland Clinic,\nAbu Dhabi, UAE<\/p><\/div><\/div>\t\t\t\t<\/div>\n\t\t\t\t<\/div>\n\t\t\t\t<\/div>\n\t\t<div class=\"elementor-element elementor-element-2820bff e-con-full e-flex e-con e-child\" data-id=\"2820bff\" data-element_type=\"container\" data-e-type=\"container\">\n\t\t\t\t<div class=\"elementor-element elementor-element-ef0b18d elementor-position-top elementor-widget elementor-widget-image-box\" data-id=\"ef0b18d\" data-element_type=\"widget\" data-e-type=\"widget\" data-widget_type=\"image-box.default\">\n\t\t\t\t<div class=\"elementor-widget-container\">\n\t\t\t\t\t<div class=\"elementor-image-box-wrapper\"><figure class=\"elementor-image-box-img\"><img loading=\"lazy\" decoding=\"async\" width=\"350\" height=\"350\" src=\"https:\/\/mena.events\/swaacelso2025\/wp-content\/uploads\/2024\/10\/Saleh-Fares-Al-Ali.png\" class=\"elementor-animation-grow attachment-full size-full wp-image-1132\" alt=\"\" srcset=\"https:\/\/mena.events\/swaacelso2025\/wp-content\/uploads\/2024\/10\/Saleh-Fares-Al-Ali.png 350w, https:\/\/mena.events\/swaacelso2025\/wp-content\/uploads\/2024\/10\/Saleh-Fares-Al-Ali-300x300.png 300w, https:\/\/mena.events\/swaacelso2025\/wp-content\/uploads\/2024\/10\/Saleh-Fares-Al-Ali-150x150.png 150w\" sizes=\"(max-width: 350px) 100vw, 350px\" \/><\/figure><div class=\"elementor-image-box-content\"><h3 class=\"elementor-image-box-title\">Dr. Saleh Fares Al-Ali<\/h3><p class=\"elementor-image-box-description\">President, International Federation for \nEmergency Medicine (IFEM), \nUAE<\/p><\/div><\/div>\t\t\t\t<\/div>\n\t\t\t\t<\/div>\n\t\t\t\t<\/div>\n\t\t<div class=\"elementor-element elementor-element-c9f87e1 e-con-full e-flex e-con e-child\" data-id=\"c9f87e1\" data-element_type=\"container\" data-e-type=\"container\">\n\t\t\t\t<div class=\"elementor-element elementor-element-15c12a6 elementor-position-top elementor-widget elementor-widget-image-box\" data-id=\"15c12a6\" data-element_type=\"widget\" data-e-type=\"widget\" data-widget_type=\"image-box.default\">\n\t\t\t\t<div class=\"elementor-widget-container\">\n\t\t\t\t\t<div class=\"elementor-image-box-wrapper\"><figure class=\"elementor-image-box-img\"><img loading=\"lazy\" decoding=\"async\" width=\"350\" height=\"350\" src=\"https:\/\/mena.events\/swaacelso2025\/wp-content\/uploads\/2024\/10\/Ali-Alobaidli.png\" class=\"elementor-animation-grow attachment-full size-full wp-image-1141\" alt=\"\" srcset=\"https:\/\/mena.events\/swaacelso2025\/wp-content\/uploads\/2024\/10\/Ali-Alobaidli.png 350w, https:\/\/mena.events\/swaacelso2025\/wp-content\/uploads\/2024\/10\/Ali-Alobaidli-300x300.png 300w, https:\/\/mena.events\/swaacelso2025\/wp-content\/uploads\/2024\/10\/Ali-Alobaidli-150x150.png 150w\" sizes=\"(max-width: 350px) 100vw, 350px\" \/><\/figure><div class=\"elementor-image-box-content\"><h3 class=\"elementor-image-box-title\">Dr. Ali Alobaidli<\/h3><p class=\"elementor-image-box-description\">Chief Medical Officer, SEHA Kidney Care,\nAbu Dhabi Health Services (SEHA)\nUAE Chairman, UAE National Organ\nDonation and Transplantation Committee\nAbu Dhabi, UAE<\/p><\/div><\/div>\t\t\t\t<\/div>\n\t\t\t\t<\/div>\n\t\t\t\t<\/div>\n\t\t<div class=\"elementor-element elementor-element-b419e2d e-con-full e-flex e-con e-child\" data-id=\"b419e2d\" data-element_type=\"container\" data-e-type=\"container\">\n\t\t\t\t<div class=\"elementor-element elementor-element-f7217ea elementor-position-top elementor-widget elementor-widget-image-box\" data-id=\"f7217ea\" data-element_type=\"widget\" data-e-type=\"widget\" data-widget_type=\"image-box.default\">\n\t\t\t\t<div class=\"elementor-widget-container\">\n\t\t\t\t\t<div class=\"elementor-image-box-wrapper\"><figure class=\"elementor-image-box-img\"><img loading=\"lazy\" decoding=\"async\" width=\"350\" height=\"350\" src=\"https:\/\/mena.events\/swaacelso2025\/wp-content\/uploads\/2024\/10\/Mussab-AL-Ramsi.png\" class=\"elementor-animation-grow attachment-full size-full wp-image-1130\" alt=\"\" srcset=\"https:\/\/mena.events\/swaacelso2025\/wp-content\/uploads\/2024\/10\/Mussab-AL-Ramsi.png 350w, https:\/\/mena.events\/swaacelso2025\/wp-content\/uploads\/2024\/10\/Mussab-AL-Ramsi-300x300.png 300w, https:\/\/mena.events\/swaacelso2025\/wp-content\/uploads\/2024\/10\/Mussab-AL-Ramsi-150x150.png 150w\" sizes=\"(max-width: 350px) 100vw, 350px\" \/><\/figure><div class=\"elementor-image-box-content\"><h3 class=\"elementor-image-box-title\">Dr. Mussab AL Ramsi<\/h3><p class=\"elementor-image-box-description\">Division Chief of\nPediatric Critical Care Unit\nSheikh Khalifa Medical City,\nAbu Dhabi, UAE<\/p><\/div><\/div>\t\t\t\t<\/div>\n\t\t\t\t<\/div>\n\t\t\t\t<\/div>\n\t\t<div class=\"elementor-element elementor-element-e5108c4 e-con-full e-flex e-con e-child\" data-id=\"e5108c4\" data-element_type=\"container\" data-e-type=\"container\">\n\t\t\t\t<div class=\"elementor-element elementor-element-8fd24cb elementor-position-top elementor-widget elementor-widget-image-box\" data-id=\"8fd24cb\" data-element_type=\"widget\" data-e-type=\"widget\" data-widget_type=\"image-box.default\">\n\t\t\t\t<div class=\"elementor-widget-container\">\n\t\t\t\t\t<div class=\"elementor-image-box-wrapper\"><figure class=\"elementor-image-box-img\"><img loading=\"lazy\" decoding=\"async\" width=\"350\" height=\"350\" src=\"https:\/\/mena.events\/swaacelso2025\/wp-content\/uploads\/2024\/10\/Abdulrahman-Al-Blooshi.png\" class=\"elementor-animation-grow attachment-full size-full wp-image-1125\" alt=\"\" srcset=\"https:\/\/mena.events\/swaacelso2025\/wp-content\/uploads\/2024\/10\/Abdulrahman-Al-Blooshi.png 350w, https:\/\/mena.events\/swaacelso2025\/wp-content\/uploads\/2024\/10\/Abdulrahman-Al-Blooshi-300x300.png 300w, https:\/\/mena.events\/swaacelso2025\/wp-content\/uploads\/2024\/10\/Abdulrahman-Al-Blooshi-150x150.png 150w\" sizes=\"(max-width: 350px) 100vw, 350px\" \/><\/figure><div class=\"elementor-image-box-content\"><h3 class=\"elementor-image-box-title\">Dr. Abdulrahman Al-Blooshi<\/h3><p class=\"elementor-image-box-description\">Chief, Cardiovascular Surgery\nZayed Military Hospital,\nAbu Dhabi, UAE<\/p><\/div><\/div>\t\t\t\t<\/div>\n\t\t\t\t<\/div>\n\t\t\t\t<\/div>\n\t\t\t\t<\/div>\n\t\t\t\t\t<\/div>\n\t\t\t\t<\/div>\n\t\t\t\t<\/div>\n\t\t","protected":false},"excerpt":{"rendered":"<p>SCIENTIFIC COMMITTEE Dr. Praveen Kumar Ghisulal Associate Staff Physician in the Critical Care Institute Cleveland Clinic, Abu Dhabi, UAE Dr. [&hellip;]<\/p>\n","protected":false},"author":1,"featured_media":0,"parent":0,"menu_order":0,"comment_status":"closed","ping_status":"closed","template":"","meta":{"site-sidebar-layout":"no-sidebar","site-content-layout":"","ast-site-content-layout":"full-width-container","site-content-style":"default","site-sidebar-style":"default","ast-global-header-display":"disabled","ast-banner-title-visibility":"","ast-main-header-display":"","ast-hfb-above-header-display":"","ast-hfb-below-header-display":"","ast-hfb-mobile-header-display":"","site-post-title":"disabled","ast-breadcrumbs-content":"","ast-featured-img":"disabled","footer-sml-layout":"disabled","ast-disable-related-posts":"","theme-transparent-header-meta":"","adv-header-id-meta":"","stick-header-meta":"","header-above-stick-meta":"","header-main-stick-meta":"","header-below-stick-meta":"","astra-migrate-meta-layouts":"default","ast-page-background-enabled":"default","ast-page-background-meta":{"desktop":{"background-color":"var(--ast-global-color-4)","background-image":"","background-repeat":"repeat","background-position":"center center","background-size":"auto","background-attachment":"scroll","background-type":"","background-media":"","overlay-type":"","overlay-color":"","overlay-opacity":"","overlay-gradient":""},"tablet":{"background-color":"","background-image":"","background-repeat":"repeat","background-position":"center center","background-size":"auto","background-attachment":"scroll","background-type":"","background-media":"","overlay-type":"","overlay-color":"","overlay-opacity":"","overlay-gradient":""},"mobile":{"background-color":"","background-image":"","background-repeat":"repeat","background-position":"center center","background-size":"auto","background-attachment":"scroll","background-type":"","background-media":"","overlay-type":"","overlay-color":"","overlay-opacity":"","overlay-gradient":""}},"ast-content-background-meta":{"desktop":{"background-color":"var(--ast-global-color-5)","background-image":"","background-repeat":"repeat","background-position":"center center","background-size":"auto","background-attachment":"scroll","background-type":"","background-media":"","overlay-type":"","overlay-color":"","overlay-opacity":"","overlay-gradient":""},"tablet":{"background-color":"var(--ast-global-color-5)","background-image":"","background-repeat":"repeat","background-position":"center center","background-size":"auto","background-attachment":"scroll","background-type":"","background-media":"","overlay-type":"","overlay-color":"","overlay-opacity":"","overlay-gradient":""},"mobile":{"background-color":"var(--ast-global-color-5)","background-image":"","background-repeat":"repeat","background-position":"center center","background-size":"auto","background-attachment":"scroll","background-type":"","background-media":"","overlay-type":"","overlay-color":"","overlay-opacity":"","overlay-gradient":""}},"footnotes":""},"class_list":["post-1249","page","type-page","status-publish","hentry"],"_links":{"self":[{"href":"https:\/\/mena.events\/swaacelso2025\/wp-json\/wp\/v2\/pages\/1249","targetHints":{"allow":["GET"]}}],"collection":[{"href":"https:\/\/mena.events\/swaacelso2025\/wp-json\/wp\/v2\/pages"}],"about":[{"href":"https:\/\/mena.events\/swaacelso2025\/wp-json\/wp\/v2\/types\/page"}],"author":[{"embeddable":true,"href":"https:\/\/mena.events\/swaacelso2025\/wp-json\/wp\/v2\/users\/1"}],"replies":[{"embeddable":true,"href":"https:\/\/mena.events\/swaacelso2025\/wp-json\/wp\/v2\/comments?post=1249"}],"version-history":[{"count":0,"href":"https:\/\/mena.events\/swaacelso2025\/wp-json\/wp\/v2\/pages\/1249\/revisions"}],"wp:attachment":[{"href":"https:\/\/mena.events\/swaacelso2025\/wp-json\/wp\/v2\/media?parent=1249"}],"curies":[{"name":"wp","href":"https:\/\/api.w.org\/{rel}","templated":true}]}}