{"id":193,"date":"2024-06-08T05:30:15","date_gmt":"2024-06-08T05:30:15","guid":{"rendered":"https:\/\/menaconference.ae\/sccmcourse\/?page_id=193"},"modified":"2025-11-12T15:42:12","modified_gmt":"2025-11-12T15:42:12","slug":"welcome-message","status":"publish","type":"page","link":"https:\/\/mena.events\/sccmcourse\/welcome-message\/","title":{"rendered":"Welcome Message"},"content":{"rendered":"\t\t<div data-elementor-type=\"wp-page\" data-elementor-id=\"193\" class=\"elementor elementor-193\">\n\t\t\t\t\t\t<section class=\"elementor-section elementor-top-section elementor-element elementor-element-b7185e5 elementor-section-boxed elementor-section-height-default elementor-section-height-default\" data-id=\"b7185e5\" data-element_type=\"section\" data-e-type=\"section\" data-settings=\"{&quot;background_background&quot;:&quot;classic&quot;}\">\n\t\t\t\t\t\t<div class=\"elementor-container elementor-column-gap-no\">\n\t\t\t\t\t<div class=\"elementor-column elementor-col-100 elementor-top-column elementor-element elementor-element-2c6126d\" data-id=\"2c6126d\" data-element_type=\"column\" data-e-type=\"column\">\n\t\t\t<div class=\"elementor-widget-wrap elementor-element-populated\">\n\t\t\t\t\t\t<div class=\"elementor-element elementor-element-2356871 elementor-widget elementor-widget-heading\" data-id=\"2356871\" data-element_type=\"widget\" data-e-type=\"widget\" data-widget_type=\"heading.default\">\n\t\t\t\t<div class=\"elementor-widget-container\">\n\t\t\t\t\t<h2 class=\"elementor-heading-title elementor-size-default\">Welcome Message<\/h2>\t\t\t\t<\/div>\n\t\t\t\t<\/div>\n\t\t\t\t\t<\/div>\n\t\t<\/div>\n\t\t\t\t\t<\/div>\n\t\t<\/section>\n\t\t<div class=\"elementor-element elementor-element-97de76f e-flex e-con-boxed e-con e-parent\" data-id=\"97de76f\" data-element_type=\"container\" data-e-type=\"container\">\n\t\t\t\t\t<div class=\"e-con-inner\">\n\t\t<div class=\"elementor-element elementor-element-8c7256f e-con-full e-flex e-con e-child\" data-id=\"8c7256f\" data-element_type=\"container\" data-e-type=\"container\">\n\t\t\t\t<div class=\"elementor-element elementor-element-92bb7c3 elementor-widget__width-initial elementor-widget elementor-widget-image\" data-id=\"92bb7c3\" data-element_type=\"widget\" data-e-type=\"widget\" data-widget_type=\"image.default\">\n\t\t\t\t<div class=\"elementor-widget-container\">\n\t\t\t\t\t\t\t\t\t\t\t\t\t\t\t<img fetchpriority=\"high\" decoding=\"async\" width=\"684\" height=\"318\" src=\"https:\/\/mena.events\/sccmcourse\/wp-content\/uploads\/2024\/06\/chair-e1718127817828.png\" class=\"attachment-full size-full wp-image-528\" alt=\"\" srcset=\"https:\/\/mena.events\/sccmcourse\/wp-content\/uploads\/2024\/06\/chair-e1718127817828.png 684w, https:\/\/mena.events\/sccmcourse\/wp-content\/uploads\/2024\/06\/chair-e1718127817828-300x139.png 300w\" sizes=\"(max-width: 684px) 100vw, 684px\" \/>\t\t\t\t\t\t\t\t\t\t\t\t\t\t\t<\/div>\n\t\t\t\t<\/div>\n\t\t\t\t<\/div>\n\t\t\n<style>.z{display:none!important;}<\/style>\n<div class=\"z\">X<\/div>\n\t\t<div class=\"elementor-element elementor-element-574f511 elementor-widget elementor-widget-text-editor\" data-id=\"574f511\" data-element_type=\"widget\" data-e-type=\"widget\" data-widget_type=\"text-editor.default\">\n\t\t\t\t<div class=\"elementor-widget-container\">\n\t\t\t\t\t\t\t\t\t<p>Dear Colleagues,<\/p><p>We are thrilled to announce the <strong>SCCM Critical Care Ultrasound: Basic Adult and Pediatric &#8211; Neonatal Point-of-Care Ultrasound (POCUS) Course<\/strong> taking place on <strong>November 14,2025 at the So\ufb01tel Hotel in Abu Dhabi, UAE<\/strong>. The course has been thoughtfully planned to provide an engaging and informative event where attendees can share knowledge, enhance their skills in performing and interpreting adult ultrasound imaging, and shape the future of critical care medicine.<\/p><p>With rapid and precise detection capabilities, ultrasound examinations have become an essential part of clinical assessment in the critical care setting. This course offers attendees the opportunity to learn or enhance their point-of-care ultrasound skills, allowing for immediate patient management.<\/p><p>Our program highlights the latest evidence-based developments in critical care ultrasound. With a low faculty-to-attendee ratio, attendees can expect significant hands-on experience with a focus on new innovations, procedures, and diagnostic challenges.<\/p><p>Throughout the course, expert faculty will lead interactive sessions, using live models to provide realistic training in ultrasound imaging. Attendees can also expect to engage in valuable networking opportunities and gain inspired perspectives from experts in the field.<\/p><p>We believe that patient safety and staff training are crucial drivers for the future of critical care medicine. We hope that attending this unique learning opportunity will expand your knowledge and motivate you to improve and enhance the care you deliver to your patients.<\/p><p>Don&#8217;t miss out on this exceptional opportunity to advance your skills and broaden your perspective in critical care ultrasound.<\/p><p>Best regards,<\/p>\t\t\t\t\t\t\t\t<\/div>\n\t\t\t\t<\/div>\n\t\t\t\t<div class=\"elementor-element elementor-element-c7243d7 elementor-widget elementor-widget-text-editor\" data-id=\"c7243d7\" data-element_type=\"widget\" data-e-type=\"widget\" data-widget_type=\"text-editor.default\">\n\t\t\t\t<div class=\"elementor-widget-container\">\n\t\t\t\t\t\t\t\t\t<p><strong>Ahmed Taha. MD, FCCM<\/strong><br \/>Course Consultant &#8211; Director<br \/>Critical Care Institute<br \/>Cleveland Clinic Abu Dhabi, UAE<\/p><p>\u00a0<\/p><p><strong>Jos\u00e9 L. D\u00edaz-G\u00f3mez, MD, MAS,\u00a0 NCC (UCNS), FASE, FCCM<\/strong><br \/>Cleveland Clinic Lerner College of Medicine (CCLCM), USA<br \/>Integrated Hospital Care Institute (IHI) Chair<br \/>Cleveland Clinic Abu Dhabi, UAE<\/p>\t\t\t\t\t\t\t\t<\/div>\n\t\t\t\t<\/div>\n\t\t\t\t\t<\/div>\n\t\t\t\t<\/div>\n\t\t\t\t<\/div>\n\t\t","protected":false},"excerpt":{"rendered":"<p>Welcome Message Dear Colleagues, We are thrilled to announce the SCCM Critical Care Ultrasound: Basic Adult and Pediatric &#8211; Neonatal [&hellip;]<\/p>\n","protected":false},"author":1,"featured_media":0,"parent":0,"menu_order":0,"comment_status":"closed","ping_status":"closed","template":"","meta":{"site-sidebar-layout":"no-sidebar","site-content-layout":"","ast-site-content-layout":"full-width-container","site-content-style":"default","site-sidebar-style":"default","ast-global-header-display":"disabled","ast-banner-title-visibility":"","ast-main-header-display":"","ast-hfb-above-header-display":"","ast-hfb-below-header-display":"","ast-hfb-mobile-header-display":"","site-post-title":"disabled","ast-breadcrumbs-content":"","ast-featured-img":"disabled","footer-sml-layout":"disabled","theme-transparent-header-meta":"","adv-header-id-meta":"","stick-header-meta":"","header-above-stick-meta":"","header-main-stick-meta":"","header-below-stick-meta":"","astra-migrate-meta-layouts":"default","ast-page-background-enabled":"default","ast-page-background-meta":{"desktop":{"background-color":"var(--ast-global-color-4)","background-image":"","background-repeat":"repeat","background-position":"center center","background-size":"auto","background-attachment":"scroll","background-type":"","background-media":"","overlay-type":"","overlay-color":"","overlay-opacity":"","overlay-gradient":""},"tablet":{"background-color":"","background-image":"","background-repeat":"repeat","background-position":"center center","background-size":"auto","background-attachment":"scroll","background-type":"","background-media":"","overlay-type":"","overlay-color":"","overlay-opacity":"","overlay-gradient":""},"mobile":{"background-color":"","background-image":"","background-repeat":"repeat","background-position":"center center","background-size":"auto","background-attachment":"scroll","background-type":"","background-media":"","overlay-type":"","overlay-color":"","overlay-opacity":"","overlay-gradient":""}},"ast-content-background-meta":{"desktop":{"background-color":"var(--ast-global-color-5)","background-image":"","background-repeat":"repeat","background-position":"center center","background-size":"auto","background-attachment":"scroll","background-type":"","background-media":"","overlay-type":"","overlay-color":"","overlay-opacity":"","overlay-gradient":""},"tablet":{"background-color":"var(--ast-global-color-5)","background-image":"","background-repeat":"repeat","background-position":"center center","background-size":"auto","background-attachment":"scroll","background-type":"","background-media":"","overlay-type":"","overlay-color":"","overlay-opacity":"","overlay-gradient":""},"mobile":{"background-color":"var(--ast-global-color-5)","background-image":"","background-repeat":"repeat","background-position":"center center","background-size":"auto","background-attachment":"scroll","background-type":"","background-media":"","overlay-type":"","overlay-color":"","overlay-opacity":"","overlay-gradient":""}},"footnotes":""},"class_list":["post-193","page","type-page","status-publish","hentry"],"_links":{"self":[{"href":"https:\/\/mena.events\/sccmcourse\/wp-json\/wp\/v2\/pages\/193","targetHints":{"allow":["GET"]}}],"collection":[{"href":"https:\/\/mena.events\/sccmcourse\/wp-json\/wp\/v2\/pages"}],"about":[{"href":"https:\/\/mena.events\/sccmcourse\/wp-json\/wp\/v2\/types\/page"}],"author":[{"embeddable":true,"href":"https:\/\/mena.events\/sccmcourse\/wp-json\/wp\/v2\/users\/1"}],"replies":[{"embeddable":true,"href":"https:\/\/mena.events\/sccmcourse\/wp-json\/wp\/v2\/comments?post=193"}],"version-history":[{"count":3,"href":"https:\/\/mena.events\/sccmcourse\/wp-json\/wp\/v2\/pages\/193\/revisions"}],"predecessor-version":[{"id":818,"href":"https:\/\/mena.events\/sccmcourse\/wp-json\/wp\/v2\/pages\/193\/revisions\/818"}],"wp:attachment":[{"href":"https:\/\/mena.events\/sccmcourse\/wp-json\/wp\/v2\/media?parent=193"}],"curies":[{"name":"wp","href":"https:\/\/api.w.org\/{rel}","templated":true}]}}